{"id":47,"date":"2019-06-13T07:32:15","date_gmt":"2019-06-13T07:32:15","guid":{"rendered":"https:\/\/biofruit.ovio.ro\/?page_id=47"},"modified":"2021-06-02T10:31:15","modified_gmt":"2021-06-02T10:31:15","slug":"faq","status":"publish","type":"page","link":"https:\/\/biofruit.ro\/it\/faq\/","title":{"rendered":"Domande e risposte"},"content":{"rendered":"<h4>E &#8216;vero il detto che &#8220;una mela al giorno toglie il medico di torno&#8221;?\u00a0Ma prugne?<\/h4>\n<p>Si precisa che le mele per il suo consumo, forniscono migliore salute orale di una semplice spazzolatura e previene la carie.\u00a0Le mele contengono acido malico, una sostanza per lo sbiancamento dei denti e la rimozione di macchie sul loro smalto.\u00a0Inoltre, le vitamine, i minerali, polifenoli, fibra, salute del corpo \u00e8 solido.<\/p>\n<p>Prugne stimolano il corretto funzionamento del sistema nervoso e migliorare la vista.\u00a0Perch\u00e9 contiene zucchero, prugna ha qualit\u00e0 forti energizzanti, stimolanti i muscoli e il sistema nervoso.\u00a0Per coloro che fanno grandi sforzi fisici, gli esperti raccomandano utilizzando frutta secca soprattutto perch\u00e9 hanno un valore energetico cinque volte superiore a quello fresco.\u00a0prugne secche contengono vitamina A, C e gruppo B, fibre, potassio, rame, calcio, magnesio, selenio, ferro.\u00a0Attraverso contiene potassio che aiuta a regolare la pressione sanguigna e ridurre il rischio di ictus.<\/p>\n<h4>Le mele possono essere mangiati da donne in gravidanza?<\/h4>\n<p>S\u00ec.\u00a0Le mele sono tra i frutti pi\u00f9 raccomandato per le donne incinte perch\u00e9 sono una ricca fonte di fibra.<\/p>\n<h4>Si consiglia di mangiare le mele prima di dormire?<\/h4>\n<p>Dal mela contiene vitamine, minerali e polifenoli che aiutano il sonno, \u00e8 comprensibile che potrebbe essere considerato anche uno dei migliori cibo consumato prima di coricarsi.\u00a0D\u00e0 quindi la capacit\u00e0 di soddisfare la fame, che pu\u00f2 apparire sul punto di sonno.<\/p>\n<h4>Quanti tipi di mele ci sono?<\/h4>\n<p>Tipi di variet\u00e0 di mele \u00e8 cos\u00ec grande che se si mangia ogni giorno, un tipo di mela, ci vorrebbero circa 20 anni di provarli tutti.<\/p>\n<h4>Mele o prugne possono essere malsana?<\/h4>\n<p>Se alcune prespric\u0163ii mediche causate da alcune malattie vengono violati, ovviamente, questi frutti possono far male.\u00a0A proposito di semi di mela preteso di contenere cianuro, ma in quantit\u00e0 troppo piccole per influenzare la vita.<\/p>\n<p>Prugne secche non sono raccomandati per le persone che gi\u00e0 hanno il diabete perch\u00e9 hanno un&#8217;alta concentrazione di carboidrati.\u00a0Inoltre, mangiare prugne \u00e8 controindicato in diarrea acuta (ma previene la stitichezza) o cronica, se disturbi renali come calcoli renali.<\/p>\n<h4>\u00c8 possibile guadagnare peso consumando pi\u00f9 mele?<\/h4>\n<p>Al contrario, dicono, una dieta tre mele al giorno \u00e8 raccomandata ai fini della perdita di peso.\u00a0Le mele contengono grasso, sodio o colesterolo, sono una buona fonte di fibre e pectina.<\/p>\n<h4>E &#8216;sano di mangiare la buccia della mela?<\/h4>\n<p>Basta dire, solo per dire che la fibra due terzi e molti antiossidanti presenti nella buccia di mela. E &#8216;importante, tuttavia, di prendere in considerazione lavare bene, soprattutto se si trovano in aree in cui vengono utilizzati pesticidi.<\/p>\n<p>Origine:<\/p>\n<ul>\n<li><a href=\"https:\/\/www.elle.ro\/health-diet\/10-lucruri-pe-care-nu-le-stii-despre-fructe-430464\/\" target=\"_blank\" rel=\"noopener noreferrer\">Elle.ro<\/a><\/li>\n<li><a href=\"https:\/\/www.bucataras.ro\/articole\/10-lucruri-interesante-pe-care-nu-le-stiai-despre-mere-73281.html\" target=\"_blank\" rel=\"noopener noreferrer\">Bucataras.ro<\/a><\/li>\n<li><a href=\"https:\/\/www.fooda.ro\/blog\/21-de-lucruri-extraordinare-pe-care-nu-le-stiai-despre-mere\/\" target=\"_blank\" rel=\"noopener noreferrer\">Fooda.ro<\/a><\/li>\n<li><a href=\"https:\/\/a1.ro\/lifestyle\/health\/este-sezonul-lor-dar-putini-romani-stiu-adevarul-consumul-de-prune-este-total-interzis-daca-suferi-de-aceste-boli-id794041.html\" target=\"_blank\" rel=\"noopener noreferrer\">Antena 1<\/a><\/li>\n<li><a href=\"https:\/\/suntfericita.manager.ro\/8-lucruri-fascinante-despre-prune-11263.htm\" target=\"_blank\" rel=\"noopener noreferrer\">SuntFericita<\/a><\/li>\n<\/ul>\n","protected":false},"excerpt":{"rendered":"<p>E &#8216;vero il detto che &#8220;una mela al giorno toglie il medico di torno&#8221;?\u00a0Ma prugne? Si precisa che le mele per il suo consumo, forniscono migliore salute orale di una semplice spazzolatura e previene la carie.\u00a0Le mele contengono acido malico, una sostanza per lo sbiancamento dei denti e la rimozione&#46;&#46;&#46;<\/p>\n","protected":false},"author":2,"featured_media":0,"parent":0,"menu_order":0,"comment_status":"closed","ping_status":"closed","template":"","meta":{"footnotes":""},"class_list":["post-47","page","type-page","status-publish","hentry"],"translation":{"provider":"WPGlobus","version":"3.0.2","language":"it","enabled_languages":["ro","en","it","es","ru"],"languages":{"ro":{"title":true,"content":true,"excerpt":false},"en":{"title":false,"content":true,"excerpt":false},"it":{"title":true,"content":true,"excerpt":false},"es":{"title":true,"content":true,"excerpt":false},"ru":{"title":true,"content":true,"excerpt":false}}},"yoast_head":"<!-- This site is optimized with the Yoast SEO plugin v27.5 - https:\/\/yoast.com\/product\/yoast-seo-wordpress\/ -->\n<title>Domande e risposte - BioFruit<\/title>\n<meta name=\"robots\" content=\"index, follow, max-snippet:-1, max-image-preview:large, max-video-preview:-1\" \/>\n<link rel=\"canonical\" href=\"https:\/\/biofruit.ro\/faq\/\" \/>\n<meta property=\"og:locale\" content=\"it_IT\" \/>\n<meta property=\"og:type\" content=\"article\" \/>\n<meta property=\"og:title\" content=\"Domande e risposte - BioFruit\" \/>\n<meta property=\"og:url\" content=\"https:\/\/biofruit.ro\/faq\/\" \/>\n<meta property=\"og:site_name\" content=\"BioFruit\" \/>\n<meta property=\"article:modified_time\" content=\"2021-06-02T10:31:15+00:00\" \/>\n<meta name=\"twitter:card\" content=\"summary_large_image\" \/>\n<meta name=\"twitter:label1\" content=\"Est. reading time\" \/>\n\t<meta name=\"twitter:data1\" content=\"10 minutes\" \/>\n<script type=\"application\/ld+json\" class=\"yoast-schema-graph\">{\"@context\":\"https:\\\/\\\/schema.org\",\"@graph\":[{\"@type\":\"WebPage\",\"@id\":\"https:\\\/\\\/biofruit.ro\\\/faq\\\/\",\"url\":\"https:\\\/\\\/biofruit.ro\\\/faq\\\/\",\"name\":\"Domande e risposte - BioFruit\",\"isPartOf\":{\"@id\":\"https:\\\/\\\/biofruit.ro\\\/#website\"},\"datePublished\":\"2019-06-13T07:32:15+00:00\",\"dateModified\":\"2021-06-02T10:31:15+00:00\",\"breadcrumb\":{\"@id\":\"https:\\\/\\\/biofruit.ro\\\/faq\\\/#breadcrumb\"},\"inLanguage\":\"it-IT\",\"potentialAction\":[{\"@type\":\"ReadAction\",\"target\":[\"https:\\\/\\\/biofruit.ro\\\/faq\\\/\"]}]},{\"@type\":\"BreadcrumbList\",\"@id\":\"https:\\\/\\\/biofruit.ro\\\/faq\\\/#breadcrumb\",\"itemListElement\":[{\"@type\":\"ListItem\",\"position\":1,\"name\":\"Prima pagin\u0103\",\"item\":\"https:\\\/\\\/biofruit.ro\\\/\"},{\"@type\":\"ListItem\",\"position\":2,\"name\":\"\u00centreb\u0103ri \u015fi r\u0103spunsuri\"}]},{\"@type\":\"WebSite\",\"@id\":\"https:\\\/\\\/biofruit.ro\\\/#website\",\"url\":\"https:\\\/\\\/biofruit.ro\\\/\",\"name\":\"BioFruit\",\"description\":\"Fructele tale bio\",\"publisher\":{\"@id\":\"https:\\\/\\\/biofruit.ro\\\/#organization\"},\"potentialAction\":[{\"@type\":\"SearchAction\",\"target\":{\"@type\":\"EntryPoint\",\"urlTemplate\":\"https:\\\/\\\/biofruit.ro\\\/?s={search_term_string}\"},\"query-input\":{\"@type\":\"PropertyValueSpecification\",\"valueRequired\":true,\"valueName\":\"search_term_string\"}}],\"inLanguage\":\"it-IT\"},{\"@type\":\"Organization\",\"@id\":\"https:\\\/\\\/biofruit.ro\\\/#organization\",\"name\":\"BioFruit\",\"url\":\"https:\\\/\\\/biofruit.ro\\\/\",\"logo\":{\"@type\":\"ImageObject\",\"inLanguage\":\"it-IT\",\"@id\":\"https:\\\/\\\/biofruit.ro\\\/#\\\/schema\\\/logo\\\/image\\\/\",\"url\":\"https:\\\/\\\/i0.wp.com\\\/biofruit.ro\\\/wp-content\\\/uploads\\\/2019\\\/06\\\/logofinal.png?fit=855%2C247&ssl=1\",\"contentUrl\":\"https:\\\/\\\/i0.wp.com\\\/biofruit.ro\\\/wp-content\\\/uploads\\\/2019\\\/06\\\/logofinal.png?fit=855%2C247&ssl=1\",\"width\":855,\"height\":247,\"caption\":\"BioFruit\"},\"image\":{\"@id\":\"https:\\\/\\\/biofruit.ro\\\/#\\\/schema\\\/logo\\\/image\\\/\"}}]}<\/script>\n<!-- \/ Yoast SEO plugin. -->","yoast_head_json":{"title":"Domande e risposte - BioFruit","robots":{"index":"index","follow":"follow","max-snippet":"max-snippet:-1","max-image-preview":"max-image-preview:large","max-video-preview":"max-video-preview:-1"},"canonical":"https:\/\/biofruit.ro\/faq\/","og_locale":"it_IT","og_type":"article","og_title":"Domande e risposte - BioFruit","og_url":"https:\/\/biofruit.ro\/faq\/","og_site_name":"BioFruit","article_modified_time":"2021-06-02T10:31:15+00:00","twitter_card":"summary_large_image","twitter_misc":{"Est. reading time":"10 minutes"},"schema":{"@context":"https:\/\/schema.org","@graph":[{"@type":"WebPage","@id":"https:\/\/biofruit.ro\/faq\/","url":"https:\/\/biofruit.ro\/faq\/","name":"Domande e risposte - BioFruit","isPartOf":{"@id":"https:\/\/biofruit.ro\/#website"},"datePublished":"2019-06-13T07:32:15+00:00","dateModified":"2021-06-02T10:31:15+00:00","breadcrumb":{"@id":"https:\/\/biofruit.ro\/faq\/#breadcrumb"},"inLanguage":"it-IT","potentialAction":[{"@type":"ReadAction","target":["https:\/\/biofruit.ro\/faq\/"]}]},{"@type":"BreadcrumbList","@id":"https:\/\/biofruit.ro\/faq\/#breadcrumb","itemListElement":[{"@type":"ListItem","position":1,"name":"Prima pagin\u0103","item":"https:\/\/biofruit.ro\/"},{"@type":"ListItem","position":2,"name":"\u00centreb\u0103ri \u015fi r\u0103spunsuri"}]},{"@type":"WebSite","@id":"https:\/\/biofruit.ro\/#website","url":"https:\/\/biofruit.ro\/","name":"BioFruit","description":"Fructele tale bio","publisher":{"@id":"https:\/\/biofruit.ro\/#organization"},"potentialAction":[{"@type":"SearchAction","target":{"@type":"EntryPoint","urlTemplate":"https:\/\/biofruit.ro\/?s={search_term_string}"},"query-input":{"@type":"PropertyValueSpecification","valueRequired":true,"valueName":"search_term_string"}}],"inLanguage":"it-IT"},{"@type":"Organization","@id":"https:\/\/biofruit.ro\/#organization","name":"BioFruit","url":"https:\/\/biofruit.ro\/","logo":{"@type":"ImageObject","inLanguage":"it-IT","@id":"https:\/\/biofruit.ro\/#\/schema\/logo\/image\/","url":"https:\/\/i0.wp.com\/biofruit.ro\/wp-content\/uploads\/2019\/06\/logofinal.png?fit=855%2C247&ssl=1","contentUrl":"https:\/\/i0.wp.com\/biofruit.ro\/wp-content\/uploads\/2019\/06\/logofinal.png?fit=855%2C247&ssl=1","width":855,"height":247,"caption":"BioFruit"},"image":{"@id":"https:\/\/biofruit.ro\/#\/schema\/logo\/image\/"}}]}},"jetpack_shortlink":"https:\/\/wp.me\/PcxIBX-L","jetpack_sharing_enabled":true,"_links":{"self":[{"href":"https:\/\/biofruit.ro\/it\/wp-json\/wp\/v2\/pages\/47","targetHints":{"allow":["GET"]}}],"collection":[{"href":"https:\/\/biofruit.ro\/it\/wp-json\/wp\/v2\/pages"}],"about":[{"href":"https:\/\/biofruit.ro\/it\/wp-json\/wp\/v2\/types\/page"}],"author":[{"embeddable":true,"href":"https:\/\/biofruit.ro\/it\/wp-json\/wp\/v2\/users\/2"}],"replies":[{"embeddable":true,"href":"https:\/\/biofruit.ro\/it\/wp-json\/wp\/v2\/comments?post=47"}],"version-history":[{"count":21,"href":"https:\/\/biofruit.ro\/it\/wp-json\/wp\/v2\/pages\/47\/revisions"}],"predecessor-version":[{"id":1781,"href":"https:\/\/biofruit.ro\/it\/wp-json\/wp\/v2\/pages\/47\/revisions\/1781"}],"wp:attachment":[{"href":"https:\/\/biofruit.ro\/it\/wp-json\/wp\/v2\/media?parent=47"}],"curies":[{"name":"wp","href":"https:\/\/api.w.org\/{rel}","templated":true}]}}